{"id":2358,"date":"2026-02-28T12:14:54","date_gmt":"2026-02-28T12:14:54","guid":{"rendered":"https:\/\/bcdturkey.com.tr\/?page_id=2358"},"modified":"2026-04-23T10:11:50","modified_gmt":"2026-04-23T10:11:50","slug":"dinamik-hizli-okuma-egitimi","status":"publish","type":"page","link":"https:\/\/bcdturkey.com.tr\/en\/dinamik-hizli-okuma-egitimi\/","title":{"rendered":"Dinamik H\u0131zl\u0131 Okuma E\u011fitimi"},"content":{"rendered":"<div data-elementor-type=\"wp-page\" data-elementor-id=\"2358\" class=\"elementor elementor-2358\" data-elementor-post-type=\"page\">\n\t\t\t\t\t\t<section class=\"elementor-section elementor-top-section elementor-element elementor-element-56ea944 elementor-section-full_width elementor-section-height-default elementor-section-height-default\" data-id=\"56ea944\" data-element_type=\"section\" data-e-type=\"section\">\n\t\t\t\t\t\t<div class=\"elementor-container elementor-column-gap-default\">\n\t\t\t\t\t<div class=\"elementor-column elementor-col-100 elementor-top-column elementor-element elementor-element-2f4a231\" data-id=\"2f4a231\" data-element_type=\"column\" data-e-type=\"column\">\n\t\t\t<div class=\"elementor-widget-wrap elementor-element-populated\">\n\t\t\t\t\t\t<section class=\"elementor-section elementor-inner-section elementor-element elementor-element-183fce8 elementor-section-full_width elementor-reverse-tablet elementor-reverse-mobile elementor-section-height-default elementor-section-height-default\" data-id=\"183fce8\" data-element_type=\"section\" data-e-type=\"section\">\n\t\t\t\t\t\t<div class=\"elementor-container elementor-column-gap-default\">\n\t\t\t\t\t<div class=\"elementor-column elementor-col-50 elementor-inner-column elementor-element elementor-element-54ad0d6\" data-id=\"54ad0d6\" data-element_type=\"column\" data-e-type=\"column\">\n\t\t\t<div class=\"elementor-widget-wrap elementor-element-populated\">\n\t\t\t\t\t\t<div class=\"elementor-element elementor-element-0f5c4ba elementor-widget elementor-widget-heading\" data-id=\"0f5c4ba\" data-element_type=\"widget\" data-e-type=\"widget\" data-widget_type=\"heading.default\">\n\t\t\t\t\t<h3 class=\"elementor-heading-title elementor-size-default\">E\u011fitimler<\/h3>\t\t\t\t<\/div>\n\t\t\t\t<div class=\"elementor-element elementor-element-a32bc62 elementor-align-justify elementor-tablet-align-justify elementor-widget elementor-widget-button\" data-id=\"a32bc62\" data-element_type=\"widget\" data-e-type=\"widget\" data-widget_type=\"button.default\">\n\t\t\t\t\t\t\t\t\t\t<a class=\"elementor-button elementor-button-link elementor-size-sm\" href=\"https:\/\/bcdturkey.com.tr\/en\/kobi-yoneticileri-icin-finansal-egitimler\/\">\n\t\t\t\t\t\t<span class=\"elementor-button-content-wrapper\">\n\t\t\t\t\t\t\t\t\t<span class=\"elementor-button-text\">KOB\u0130 Y\u00f6neticileri \u0130\u00e7in Finansal E\u011fitimler<\/span>\n\t\t\t\t\t<\/span>\n\t\t\t\t\t<\/a>\n\t\t\t\t\t\t\t\t<\/div>\n\t\t\t\t<div class=\"elementor-element elementor-element-847d161 elementor-align-justify elementor-tablet-align-justify elementor-widget elementor-widget-button\" data-id=\"847d161\" data-element_type=\"widget\" data-e-type=\"widget\" data-widget_type=\"button.default\">\n\t\t\t\t\t\t\t\t\t\t<a class=\"elementor-button elementor-button-link elementor-size-sm\" href=\"https:\/\/bcdturkey.com.tr\/en\/dinamik-hizli-okuma-egitimi\/\">\n\t\t\t\t\t\t<span class=\"elementor-button-content-wrapper\">\n\t\t\t\t\t\t\t\t\t<span class=\"elementor-button-text\">Dinamik H\u0131zl\u0131 Okuma E\u011fitimi<\/span>\n\t\t\t\t\t<\/span>\n\t\t\t\t\t<\/a>\n\t\t\t\t\t\t\t\t<\/div>\n\t\t\t\t<div class=\"elementor-element elementor-element-e50e641 elementor-align-justify elementor-tablet-align-justify elementor-widget elementor-widget-button\" data-id=\"e50e641\" data-element_type=\"widget\" data-e-type=\"widget\" data-widget_type=\"button.default\">\n\t\t\t\t\t\t\t\t\t\t<a class=\"elementor-button elementor-button-link elementor-size-sm\" href=\"https:\/\/bcdturkey.com.tr\/en\/dinamik-hizli-okuma-egitimi\/\">\n\t\t\t\t\t\t<span class=\"elementor-button-content-wrapper\">\n\t\t\t\t\t\t\t\t\t<span class=\"elementor-button-text\">Yelkenli Tekne \u0130le Liderlik ve Tak\u0131m Ruhu E\u011fitimi<\/span>\n\t\t\t\t\t<\/span>\n\t\t\t\t\t<\/a>\n\t\t\t\t\t\t\t\t<\/div>\n\t\t\t\t\t<\/div>\n\t\t<\/div>\n\t\t\t\t<div class=\"elementor-column elementor-col-50 elementor-inner-column elementor-element elementor-element-0224589\" data-id=\"0224589\" data-element_type=\"column\" data-e-type=\"column\">\n\t\t\t<div class=\"elementor-widget-wrap elementor-element-populated\">\n\t\t\t\t\t\t<div class=\"elementor-element elementor-element-eaac22f elementor-arrows-position-inside elementor-pagination-position-outside elementor-widget elementor-widget-image-carousel\" data-id=\"eaac22f\" data-element_type=\"widget\" data-e-type=\"widget\" data-settings=\"{&quot;slides_to_show&quot;:&quot;1&quot;,&quot;navigation&quot;:&quot;both&quot;,&quot;autoplay&quot;:&quot;yes&quot;,&quot;pause_on_hover&quot;:&quot;yes&quot;,&quot;pause_on_interaction&quot;:&quot;yes&quot;,&quot;autoplay_speed&quot;:5000,&quot;infinite&quot;:&quot;yes&quot;,&quot;effect&quot;:&quot;slide&quot;,&quot;speed&quot;:500}\" data-widget_type=\"image-carousel.default\">\n\t\t\t\t\t\t\t<div class=\"elementor-image-carousel-wrapper swiper\" role=\"region\" aria-roledescription=\"carousel\" aria-label=\"https:\/\/bcdturkey.com.tr\/wp-content\/uploads\/2026\/04\/WhatsApp-Image-2026-04-01-at-19.12.54-2.jpeg\" dir=\"ltr\">\n\t\t\t<div class=\"elementor-image-carousel swiper-wrapper swiper-image-stretch\" aria-live=\"off\">\n\t\t\t\t\t\t\t\t<div class=\"swiper-slide\" role=\"group\" aria-roledescription=\"slide\" aria-label=\"1 \/ 4\"><figure class=\"swiper-slide-inner\"><img decoding=\"async\" class=\"swiper-slide-image\" src=\"https:\/\/bcdturkey.com.tr\/wp-content\/uploads\/2026\/04\/bcd-dinammik-1.png\" alt=\"bcd-dinammik-1\" \/><\/figure><\/div><div class=\"swiper-slide\" role=\"group\" aria-roledescription=\"slide\" aria-label=\"2 \/ 4\"><figure class=\"swiper-slide-inner\"><img decoding=\"async\" class=\"swiper-slide-image\" src=\"https:\/\/bcdturkey.com.tr\/wp-content\/uploads\/2026\/04\/1.png\" alt=\"1\" \/><\/figure><\/div><div class=\"swiper-slide\" role=\"group\" aria-roledescription=\"slide\" aria-label=\"3 \/ 4\"><figure class=\"swiper-slide-inner\"><img decoding=\"async\" class=\"swiper-slide-image\" src=\"https:\/\/bcdturkey.com.tr\/wp-content\/uploads\/2026\/04\/3.png\" alt=\"3\" \/><\/figure><\/div><div class=\"swiper-slide\" role=\"group\" aria-roledescription=\"slide\" aria-label=\"4 \/ 4\"><figure class=\"swiper-slide-inner\"><img decoding=\"async\" class=\"swiper-slide-image\" src=\"https:\/\/bcdturkey.com.tr\/wp-content\/uploads\/2026\/04\/dinamik-bcd-2.1.png\" alt=\"dinamik-bcd-2.1\" \/><\/figure><\/div>\t\t\t<\/div>\n\t\t\t\t\t\t\t\t\t\t\t\t<div class=\"elementor-swiper-button elementor-swiper-button-prev\" role=\"button\" tabindex=\"0\">\n\t\t\t\t\t\t<svg aria-hidden=\"true\" class=\"e-font-icon-svg e-eicon-chevron-left\" viewbox=\"0 0 1000 1000\" xmlns=\"http:\/\/www.w3.org\/2000\/svg\"><path d=\"M646 125C629 125 613 133 604 142L308 442C296 454 292 471 292 487 292 504 296 521 308 533L604 854C617 867 629 875 646 875 663 875 679 871 692 858 704 846 713 829 713 812 713 796 708 779 692 767L438 487 692 225C700 217 708 204 708 187 708 171 704 154 692 142 675 129 663 125 646 125Z\"><\/path><\/svg>\t\t\t\t\t<\/div>\n\t\t\t\t\t<div class=\"elementor-swiper-button elementor-swiper-button-next\" role=\"button\" tabindex=\"0\">\n\t\t\t\t\t\t<svg aria-hidden=\"true\" class=\"e-font-icon-svg e-eicon-chevron-right\" viewbox=\"0 0 1000 1000\" xmlns=\"http:\/\/www.w3.org\/2000\/svg\"><path d=\"M696 533C708 521 713 504 713 487 713 471 708 454 696 446L400 146C388 133 375 125 354 125 338 125 325 129 313 142 300 154 292 171 292 187 292 204 296 221 308 233L563 492 304 771C292 783 288 800 288 817 288 833 296 850 308 863 321 871 338 875 354 875 371 875 388 867 400 854L696 533Z\"><\/path><\/svg>\t\t\t\t\t<\/div>\n\t\t\t\t\n\t\t\t\t\t\t\t\t\t<div class=\"swiper-pagination\"><\/div>\n\t\t\t\t\t\t\t\t\t<\/div>\n\t\t\t\t\t\t<\/div>\n\t\t\t\t\t<\/div>\n\t\t<\/div>\n\t\t\t\t\t<\/div>\n\t\t<\/section>\n\t\t\t\t\t<\/div>\n\t\t<\/div>\n\t\t\t\t\t<\/div>\n\t\t<\/section>\n\t\t<div class=\"elementor-element elementor-element-42a68e0 e-flex e-con-boxed e-con e-parent\" data-id=\"42a68e0\" data-element_type=\"container\" data-e-type=\"container\">\n\t\t\t\t\t<div class=\"e-con-inner\">\n\t\t\t\t<div class=\"elementor-element elementor-element-04f10d0 elementor-widget elementor-widget-text-editor\" data-id=\"04f10d0\" data-element_type=\"widget\" data-e-type=\"widget\" data-widget_type=\"text-editor.default\">\n\t\t\t\t\t\t\t\t\t<div class=\"bcd-content-block\">\n\n  <h3 class=\"bcd-title\">Dinamik Okuma E\u011fitimini Neden Almal\u0131y\u0131z?<\/h3>\n\n  <ul class=\"bcd-list\">\n    <li>D\u00fc\u015f\u00fcnme, alg\u0131lama, de\u011ferlendirme, kavrama ve karar verme h\u0131z\u0131n\u0131 art\u0131r\u0131r.<\/li>\n    <li>Okuma i\u015flevini monotonluktan \u00e7\u0131kararak zevkli ve e\u011flenceli hale getirir.<\/li>\n    <li>Masada biriken i\u015fleri 5 kat h\u0131zl\u0131 bitirip y\u0131lda 45 g\u00fcn fazladan zaman kazand\u0131r\u0131r.<\/li>\n    <li>\u00d6zel yaz\u0131l\u0131m\u0131m\u0131z sayesinde h\u0131zl\u0131 okuma al\u0131\u015fkanl\u0131\u011f\u0131 bilin\u00e7 alt\u0131na aktar\u0131l\u0131r.<\/li>\n    <li>Okuma ve anlama oran\u0131n\u0131 min. 600\u20131000 kelimeye \u00e7\u0131kar\u0131r.<\/li>\n    <li>S\u0131navlarda daha y\u00fcksek puan alman\u0131za katk\u0131 sa\u011flar.<\/li>\n    <li>Dikkati art\u0131r\u0131r, daha iyi anlama ve hat\u0131rlama sa\u011flar.<\/li>\n    <li>S\u0131navlarda minimum 30 dakika zaman kazand\u0131r\u0131r.<\/li>\n  <\/ul>\n\n  <h3 class=\"bcd-title\">Ba\u015far\u0131ya Etkileri<\/h3>\n\n  <ul class=\"bcd-list\">\n    <li>Kolay ve ak\u0131c\u0131 okuma, dikkatin anlamaya y\u00f6nelmesini sa\u011flar.<\/li>\n    <li>Yorum g\u00fcc\u00fcn\u00fc art\u0131r\u0131r ve okumada ba\u015far\u0131 sa\u011flar.<\/li>\n    <li>Neden-sonu\u00e7 ili\u015fkisi kurma becerisini geli\u015ftirir.<\/li>\n    <li>Motivasyon ve konsantrasyonu g\u00fc\u00e7lendirir.<\/li>\n    <li>Beyindeki sinir h\u00fccreleri aras\u0131 ileti\u015fimi h\u0131zland\u0131r\u0131r.<\/li>\n    <li>\u00d6\u011frenmeyi kolayla\u015ft\u0131r\u0131r ve zihinsel \u00fcretkenli\u011fi art\u0131r\u0131r.<\/li>\n  <\/ul>\n\n  <h3 class=\"bcd-title\">E\u011fitimin \u0130\u00e7eri\u011fi<\/h3>\n\n  <ul class=\"bcd-list\">\n    <li>Neden h\u0131zl\u0131 okumak gerekir?<\/li>\n    <li>\u015eu anda nas\u0131l okuyorsunuz?<\/li>\n    <li>\u00d6\u011frenece\u011finiz h\u0131zl\u0131 okuma becerileri nelerdir?<\/li>\n    <li>H\u0131zl\u0131 okumay\u0131 etkileyen fakt\u00f6rler<\/li>\n    <li>K\u0131sa zamanda \u00e7ok bilgi kazanma teknikleri<\/li>\n    <li>Okuma, g\u00f6z ve beyin ili\u015fkisi<\/li>\n    <li>Sa\u011f beyin \u2013 sol beyin \u00e7al\u0131\u015fmalar\u0131<\/li>\n    <li>H\u0131zl\u0131 okuma teknikleri<\/li>\n    <li>Bilgisayarda h\u0131z ve ritim \u00e7al\u0131\u015fmalar\u0131<\/li>\n    <li>\u00d6n okuma teknikleri<\/li>\n    <li>Blok g\u00f6rme \u00e7al\u0131\u015fmalar\u0131<\/li>\n    <li>Anlama konusunda ustal\u0131k kazanma<\/li>\n    <li>Dikkati toplama y\u00f6ntemleri<\/li>\n    <li>S\u0131n\u0131rl\u0131 zamanlarda uygulanacak y\u00f6ntemler<\/li>\n    <li>Bellekten yararlanma teknikleri<\/li>\n    <li>Motivasyon, konsantrasyon ve okuma<\/li>\n    <li>Metin t\u00fcrlerine g\u00f6re okuma teknikleri<\/li>\n    <li>Kar\u015f\u0131la\u015ft\u0131rmal\u0131 okuma ve de\u011ferlendirme<\/li>\n  <\/ul>\n\n  <h3 class=\"bcd-title\">E\u011fitim S\u00fcresi ve Fiyat Bilgisi<\/h3>\n\n  <div class=\"bcd-info-box\">\n    <strong>Seminer S\u00fcresi:<\/strong> 2 Tam G\u00fcn (10:00 \u2013 17:30)<br>\n    <strong>\u00dccret:<\/strong> 9.000 TL + KDV\n  <\/div>\n\n  <ul class=\"bcd-list\">\n    <li>Dok\u00fcmantasyon ve ikramlar \u00fccrete dahildir.<\/li>\n    <li>Seminere 1 hafta kala yap\u0131lan iptallerde \u00fccret iade edilmez.<\/li>\n    <li>\u0130sim de\u011fi\u015fikli\u011fi yap\u0131labilir.<\/li>\n    <li>Program 14 ki\u015filik gruplar halinde s\u0131n\u0131flarda veya online olarakta verilmektedir.  <\/li>\n    <li>Kat\u0131l\u0131mc\u0131lara e\u011fitim sonunda sertifika verilir.<\/li>\n    <li>\u00d6ncelikli ba\u015fvurular de\u011ferlendirilecektir.<\/li>\n  <\/ul>\n\n  <a href=\"#popmake-2951\" class=\"bcd-btn\">\n    Seminere Kay\u0131t Olmak \u0130\u00e7in T\u0131klay\u0131n\u0131z\n  <\/a>\n\n<\/div>\n\n<style>\n.bcd-content-block{\n  font-family:Arial,Helvetica,sans-serif;\n  color:#555;\n  line-height:1.7;\n}\n\n.bcd-title{\n  font-size:24px;\n  font-weight:700;\n  color:#2f2f2f;\n  margin:35px 0 18px;\n  padding-bottom:10px;\n  border-bottom:2px solid #e8e8e8;\n}\n\n.bcd-list{\n  list-style:none;\n  padding:0;\n  margin:0 0 20px;\n}\n\n.bcd-list li{\n  position:relative;\n  padding-left:28px;\n  margin-bottom:12px;\n  font-size:16px;\n}\n\n.bcd-list li::before{\n  content:\"\u2714\";\n  position:absolute;\n  left:0;\n  top:0;\n  color:#1f7a3d;\n  font-weight:700;\n}\n\n.bcd-info-box{\n  background:#f8faf8;\n  border-left:4px solid #1f7a3d;\n  padding:18px;\n  border-radius:8px;\n  margin-bottom:20px;\n}\n\n.bcd-btn{\n  display:inline-block;\n  margin-top:15px;\n  background:#1f7a3d;\n  color:#fff;\n  padding:14px 24px;\n  text-decoration:none;\n  border-radius:8px;\n  font-weight:700;\n  transition:.3s;\n}\n\n.bcd-btn:hover{\n  background:#176330;\n}\n\n@media(max-width:767px){\n\n  .bcd-title{\n    font-size:20px;\n  }\n\n  .bcd-list li{\n    font-size:15px;\n  }\n\n}\n<\/style>\t\t\t\t\t\t\t\t<\/div>\n\t\t\t\t\t<\/div>\n\t\t\t\t<\/div>\n\t\t\t\t<\/div>","protected":false},"excerpt":{"rendered":"<p>E\u011fitimler KOB\u0130 Y\u00f6neticileri \u0130\u00e7in Finansal E\u011fitimler Dinamik H\u0131zl\u0131 Okuma E\u011fitimi Yelkenli Tekne \u0130le Liderlik ve Tak\u0131m Ruhu E\u011fitimi Dinamik Okuma E\u011fitimini Neden Almal\u0131y\u0131z? D\u00fc\u015f\u00fcnme, alg\u0131lama, de\u011ferlendirme, kavrama ve karar verme h\u0131z\u0131n\u0131 art\u0131r\u0131r. Okuma i\u015flevini monotonluktan \u00e7\u0131kararak zevkli ve e\u011flenceli hale getirir. Masada biriken i\u015fleri 5 kat h\u0131zl\u0131 bitirip y\u0131lda 45 g\u00fcn fazladan zaman kazand\u0131r\u0131r. \u00d6zel [&hellip;]<\/p>\n","protected":false},"author":1,"featured_media":0,"parent":0,"menu_order":0,"comment_status":"closed","ping_status":"closed","template":"","meta":{"footnotes":""},"class_list":["post-2358","page","type-page","status-publish","hentry"],"acf":[],"_links":{"self":[{"href":"https:\/\/bcdturkey.com.tr\/en\/wp-json\/wp\/v2\/pages\/2358","targetHints":{"allow":["GET"]}}],"collection":[{"href":"https:\/\/bcdturkey.com.tr\/en\/wp-json\/wp\/v2\/pages"}],"about":[{"href":"https:\/\/bcdturkey.com.tr\/en\/wp-json\/wp\/v2\/types\/page"}],"author":[{"embeddable":true,"href":"https:\/\/bcdturkey.com.tr\/en\/wp-json\/wp\/v2\/users\/1"}],"replies":[{"embeddable":true,"href":"https:\/\/bcdturkey.com.tr\/en\/wp-json\/wp\/v2\/comments?post=2358"}],"version-history":[{"count":40,"href":"https:\/\/bcdturkey.com.tr\/en\/wp-json\/wp\/v2\/pages\/2358\/revisions"}],"predecessor-version":[{"id":3112,"href":"https:\/\/bcdturkey.com.tr\/en\/wp-json\/wp\/v2\/pages\/2358\/revisions\/3112"}],"wp:attachment":[{"href":"https:\/\/bcdturkey.com.tr\/en\/wp-json\/wp\/v2\/media?parent=2358"}],"curies":[{"name":"wp","href":"https:\/\/api.w.org\/{rel}","templated":true}]}}