{"id":2379,"date":"2026-02-28T12:23:15","date_gmt":"2026-02-28T12:23:15","guid":{"rendered":"https:\/\/bcdturkey.com.tr\/?page_id=2379"},"modified":"2026-04-23T09:10:32","modified_gmt":"2026-04-23T09:10:32","slug":"yelkenli-tekne-ile-liderlik-ve-takim-ruhu-egitimi","status":"publish","type":"page","link":"https:\/\/bcdturkey.com.tr\/en\/yelkenli-tekne-ile-liderlik-ve-takim-ruhu-egitimi\/","title":{"rendered":"Yelkenli Tekne ile Liderlik ve Tak\u0131m Ruhu E\u011fitimi"},"content":{"rendered":"<div data-elementor-type=\"wp-page\" data-elementor-id=\"2379\" class=\"elementor elementor-2379\" data-elementor-post-type=\"page\">\n\t\t\t\t\t\t<section class=\"elementor-section elementor-top-section elementor-element elementor-element-a1de2cf elementor-section-full_width elementor-section-height-default elementor-section-height-default\" data-id=\"a1de2cf\" data-element_type=\"section\" data-e-type=\"section\">\n\t\t\t\t\t\t<div class=\"elementor-container elementor-column-gap-default\">\n\t\t\t\t\t<div class=\"elementor-column elementor-col-100 elementor-top-column elementor-element elementor-element-70f6bd5\" data-id=\"70f6bd5\" data-element_type=\"column\" data-e-type=\"column\">\n\t\t\t<div class=\"elementor-widget-wrap elementor-element-populated\">\n\t\t\t\t\t\t<section class=\"elementor-section elementor-inner-section elementor-element elementor-element-5ebcbb2 elementor-section-full_width elementor-reverse-tablet elementor-reverse-mobile elementor-section-height-default elementor-section-height-default\" data-id=\"5ebcbb2\" data-element_type=\"section\" data-e-type=\"section\">\n\t\t\t\t\t\t<div class=\"elementor-container elementor-column-gap-default\">\n\t\t\t\t\t<div class=\"elementor-column elementor-col-50 elementor-inner-column elementor-element elementor-element-8ff1394\" data-id=\"8ff1394\" data-element_type=\"column\" data-e-type=\"column\">\n\t\t\t<div class=\"elementor-widget-wrap elementor-element-populated\">\n\t\t\t\t\t\t<div class=\"elementor-element elementor-element-1f769ce elementor-widget elementor-widget-heading\" data-id=\"1f769ce\" data-element_type=\"widget\" data-e-type=\"widget\" data-widget_type=\"heading.default\">\n\t\t\t\t\t<h3 class=\"elementor-heading-title elementor-size-default\">E\u011fitimler<\/h3>\t\t\t\t<\/div>\n\t\t\t\t<div class=\"elementor-element elementor-element-be6bbfa elementor-align-justify elementor-tablet-align-justify elementor-widget elementor-widget-button\" data-id=\"be6bbfa\" data-element_type=\"widget\" data-e-type=\"widget\" data-widget_type=\"button.default\">\n\t\t\t\t\t\t\t\t\t\t<a class=\"elementor-button elementor-button-link elementor-size-sm\" href=\"\/en\/kobi-yoneticileri-icin-finansal-egitimler\/\">\n\t\t\t\t\t\t<span class=\"elementor-button-content-wrapper\">\n\t\t\t\t\t\t\t\t\t<span class=\"elementor-button-text\">KOB\u0130 Y\u00f6neticileri \u0130\u00e7in Finansal E\u011fitimler<\/span>\n\t\t\t\t\t<\/span>\n\t\t\t\t\t<\/a>\n\t\t\t\t\t\t\t\t<\/div>\n\t\t\t\t<div class=\"elementor-element elementor-element-a11d360 elementor-align-justify elementor-tablet-align-justify elementor-widget elementor-widget-button\" data-id=\"a11d360\" data-element_type=\"widget\" data-e-type=\"widget\" data-widget_type=\"button.default\">\n\t\t\t\t\t\t\t\t\t\t<a class=\"elementor-button elementor-button-link elementor-size-sm\" href=\"\/en\/dinamik-hizli-okuma-egitimi\/\">\n\t\t\t\t\t\t<span class=\"elementor-button-content-wrapper\">\n\t\t\t\t\t\t\t\t\t<span class=\"elementor-button-text\">Dinamik H\u0131zl\u0131 Okuma E\u011fitimi<\/span>\n\t\t\t\t\t<\/span>\n\t\t\t\t\t<\/a>\n\t\t\t\t\t\t\t\t<\/div>\n\t\t\t\t<div class=\"elementor-element elementor-element-5d300b0 elementor-align-justify elementor-tablet-align-justify elementor-widget elementor-widget-button\" data-id=\"5d300b0\" data-element_type=\"widget\" data-e-type=\"widget\" data-widget_type=\"button.default\">\n\t\t\t\t\t\t\t\t\t\t<a class=\"elementor-button elementor-button-link elementor-size-sm\" href=\"\/en\/yelkenli-tekne-ile-liderlik-ve-takim-ruhu-egitimi\/\">\n\t\t\t\t\t\t<span class=\"elementor-button-content-wrapper\">\n\t\t\t\t\t\t\t\t\t<span class=\"elementor-button-text\">Yelkenli Tekne \u0130le Liderlik ve Tak\u0131m Ruhu E\u011fitimi<\/span>\n\t\t\t\t\t<\/span>\n\t\t\t\t\t<\/a>\n\t\t\t\t\t\t\t\t<\/div>\n\t\t\t\t\t<\/div>\n\t\t<\/div>\n\t\t\t\t<div class=\"elementor-column elementor-col-50 elementor-inner-column elementor-element elementor-element-4daa638\" data-id=\"4daa638\" data-element_type=\"column\" data-e-type=\"column\">\n\t\t\t<div class=\"elementor-widget-wrap elementor-element-populated\">\n\t\t\t\t\t\t<div class=\"elementor-element elementor-element-c87c27f elementor-arrows-position-inside elementor-pagination-position-outside elementor-widget elementor-widget-image-carousel\" data-id=\"c87c27f\" data-element_type=\"widget\" data-e-type=\"widget\" data-settings=\"{&quot;slides_to_show&quot;:&quot;1&quot;,&quot;navigation&quot;:&quot;both&quot;,&quot;autoplay&quot;:&quot;yes&quot;,&quot;pause_on_hover&quot;:&quot;yes&quot;,&quot;pause_on_interaction&quot;:&quot;yes&quot;,&quot;autoplay_speed&quot;:5000,&quot;infinite&quot;:&quot;yes&quot;,&quot;effect&quot;:&quot;slide&quot;,&quot;speed&quot;:500}\" data-widget_type=\"image-carousel.default\">\n\t\t\t\t\t\t\t<div class=\"elementor-image-carousel-wrapper swiper\" role=\"region\" aria-roledescription=\"carousel\" aria-label=\"https:\/\/bcdturkey.com.tr\/wp-content\/uploads\/2026\/04\/WhatsApp-Image-2026-04-01-at-19.12.54-2.jpeg\" dir=\"ltr\">\n\t\t\t<div class=\"elementor-image-carousel swiper-wrapper swiper-image-stretch\" aria-live=\"off\">\n\t\t\t\t\t\t\t\t<div class=\"swiper-slide\" role=\"group\" aria-roledescription=\"slide\" aria-label=\"1 \/ 9\"><figure class=\"swiper-slide-inner\"><img decoding=\"async\" class=\"swiper-slide-image\" src=\"https:\/\/bcdturkey.com.tr\/wp-content\/uploads\/2026\/02\/yelken_liderlik_takim_ruhu_1.jpg\" alt=\"yelken_liderlik_takim_ruhu_1\" \/><\/figure><\/div><div class=\"swiper-slide\" role=\"group\" aria-roledescription=\"slide\" aria-label=\"2 \/ 9\"><figure class=\"swiper-slide-inner\"><img decoding=\"async\" class=\"swiper-slide-image\" src=\"https:\/\/bcdturkey.com.tr\/wp-content\/uploads\/2026\/02\/yelken_liderlik_takim_ruhu_2.jpg\" alt=\"yelken_liderlik_takim_ruhu_2\" \/><\/figure><\/div><div class=\"swiper-slide\" role=\"group\" aria-roledescription=\"slide\" aria-label=\"3 \/ 9\"><figure class=\"swiper-slide-inner\"><img decoding=\"async\" class=\"swiper-slide-image\" src=\"https:\/\/bcdturkey.com.tr\/wp-content\/uploads\/2026\/02\/yelken_liderlik_takim_ruhu_3.jpg\" alt=\"yelken_liderlik_takim_ruhu_3\" \/><\/figure><\/div><div class=\"swiper-slide\" role=\"group\" aria-roledescription=\"slide\" aria-label=\"4 \/ 9\"><figure class=\"swiper-slide-inner\"><img decoding=\"async\" class=\"swiper-slide-image\" src=\"https:\/\/bcdturkey.com.tr\/wp-content\/uploads\/2026\/02\/yelken_liderlik_takim_ruhu_4.jpg\" alt=\"yelken_liderlik_takim_ruhu_4\" \/><\/figure><\/div><div class=\"swiper-slide\" role=\"group\" aria-roledescription=\"slide\" aria-label=\"5 \/ 9\"><figure class=\"swiper-slide-inner\"><img decoding=\"async\" class=\"swiper-slide-image\" src=\"https:\/\/bcdturkey.com.tr\/wp-content\/uploads\/2026\/02\/yelken_liderlik_takim_ruhu_5.jpg\" alt=\"yelken_liderlik_takim_ruhu_5\" \/><\/figure><\/div><div class=\"swiper-slide\" role=\"group\" aria-roledescription=\"slide\" aria-label=\"6 \/ 9\"><figure class=\"swiper-slide-inner\"><img decoding=\"async\" class=\"swiper-slide-image\" src=\"https:\/\/bcdturkey.com.tr\/wp-content\/uploads\/2026\/02\/yelken_liderlik_takim_ruhu_6.jpg\" alt=\"yelken_liderlik_takim_ruhu_6\" \/><\/figure><\/div><div class=\"swiper-slide\" role=\"group\" aria-roledescription=\"slide\" aria-label=\"7 \/ 9\"><figure class=\"swiper-slide-inner\"><img decoding=\"async\" class=\"swiper-slide-image\" src=\"https:\/\/bcdturkey.com.tr\/wp-content\/uploads\/2026\/02\/yelken_liderlik_takim_ruhu_7.jpg\" alt=\"yelken_liderlik_takim_ruhu_7\" \/><\/figure><\/div><div class=\"swiper-slide\" role=\"group\" aria-roledescription=\"slide\" aria-label=\"8 \/ 9\"><figure class=\"swiper-slide-inner\"><img decoding=\"async\" class=\"swiper-slide-image\" src=\"https:\/\/bcdturkey.com.tr\/wp-content\/uploads\/2026\/02\/yelken_liderlik_takim_ruhu_8.jpg\" alt=\"yelken_liderlik_takim_ruhu_8\" \/><\/figure><\/div><div class=\"swiper-slide\" role=\"group\" aria-roledescription=\"slide\" aria-label=\"9 \/ 9\"><figure class=\"swiper-slide-inner\"><img decoding=\"async\" class=\"swiper-slide-image\" src=\"https:\/\/bcdturkey.com.tr\/wp-content\/uploads\/2026\/02\/yelken_liderlik_takim_ruhu_9.jpg\" alt=\"yelken_liderlik_takim_ruhu_9\" \/><\/figure><\/div>\t\t\t<\/div>\n\t\t\t\t\t\t\t\t\t\t\t\t<div class=\"elementor-swiper-button elementor-swiper-button-prev\" role=\"button\" tabindex=\"0\">\n\t\t\t\t\t\t<svg aria-hidden=\"true\" class=\"e-font-icon-svg e-eicon-chevron-left\" viewbox=\"0 0 1000 1000\" xmlns=\"http:\/\/www.w3.org\/2000\/svg\"><path d=\"M646 125C629 125 613 133 604 142L308 442C296 454 292 471 292 487 292 504 296 521 308 533L604 854C617 867 629 875 646 875 663 875 679 871 692 858 704 846 713 829 713 812 713 796 708 779 692 767L438 487 692 225C700 217 708 204 708 187 708 171 704 154 692 142 675 129 663 125 646 125Z\"><\/path><\/svg>\t\t\t\t\t<\/div>\n\t\t\t\t\t<div class=\"elementor-swiper-button elementor-swiper-button-next\" role=\"button\" tabindex=\"0\">\n\t\t\t\t\t\t<svg aria-hidden=\"true\" class=\"e-font-icon-svg e-eicon-chevron-right\" viewbox=\"0 0 1000 1000\" xmlns=\"http:\/\/www.w3.org\/2000\/svg\"><path d=\"M696 533C708 521 713 504 713 487 713 471 708 454 696 446L400 146C388 133 375 125 354 125 338 125 325 129 313 142 300 154 292 171 292 187 292 204 296 221 308 233L563 492 304 771C292 783 288 800 288 817 288 833 296 850 308 863 321 871 338 875 354 875 371 875 388 867 400 854L696 533Z\"><\/path><\/svg>\t\t\t\t\t<\/div>\n\t\t\t\t\n\t\t\t\t\t\t\t\t\t<div class=\"swiper-pagination\"><\/div>\n\t\t\t\t\t\t\t\t\t<\/div>\n\t\t\t\t\t\t<\/div>\n\t\t\t\t\t<\/div>\n\t\t<\/div>\n\t\t\t\t\t<\/div>\n\t\t<\/section>\n\t\t\t\t\t<\/div>\n\t\t<\/div>\n\t\t\t\t\t<\/div>\n\t\t<\/section>\n\t\t<div class=\"elementor-element elementor-element-082ffcb e-flex e-con-boxed e-con e-parent\" data-id=\"082ffcb\" data-element_type=\"container\" data-e-type=\"container\">\n\t\t\t\t\t<div class=\"e-con-inner\">\n\t\t\t\t<div class=\"elementor-element elementor-element-01ade87 elementor-widget elementor-widget-text-editor\" data-id=\"01ade87\" data-element_type=\"widget\" data-e-type=\"widget\" data-widget_type=\"text-editor.default\">\n\t\t\t\t\t\t\t\t\t<p>Leadership &amp;Team Work &amp; Sailing Liderlik ve Tak\u0131m Ruhu E\u011fitimi<\/p><p><strong>Hedef Kitle:<\/strong>\u00a0KOB\u0130 sahipleri, y\u00f6neticileri ve \u00e7al\u0131\u015fanlar\u0131, Kendini, i\u015fini, kariyerini geli\u015ftirmek isteyen \u00e7al\u0131\u015fanlar, \u0130\u015f ba\u011fl\u0131l\u0131\u011f\u0131n\u0131 sosyal etkinliklerle geli\u015ftirmek isteyen \u00e7al\u0131\u015fan ve kurulu\u015flar, \u0130\u015f sonu\u00e7lar\u0131n\u0131 \u00f6\u011frenen \u2013 \u00f6\u011freten etkinlikle \u00f6d\u00fcllendirmek isteyen \u015firket ve organizasyonlar, Bu ki\u015filerin yer ald\u0131\u011f\u0131 kurum ve kurulu\u015flar. \u00d6\u011frenciler, Kad\u0131nlar, Annelerimiz, Babalar\u0131m\u0131z Temiz hava, deniz kokusu ve e\u011flence ile hayat\u0131na farkl\u0131l\u0131k katmak isteyenler\u00a0<strong>\u00a0<\/strong><\/p><p><strong>Ama\u00e7<\/strong>\u00a0Tak\u0131m odakl\u0131 \u00e7al\u0131\u015fmak isteyen herkesin,<\/p><ul><li>De\u011fi\u015fime a\u00e7\u0131k,<\/li><li>\u00c7\u00f6z\u00fcm \u00fcreten,<\/li><li>Payla\u015f\u0131mc\u0131 ruhunu geli\u015ftirmek,<\/li><li>Ve yenilenmek<\/li><\/ul><p><strong>Kazand\u0131raca\u011f\u0131 Beceriler<\/strong><\/p><ul><li>Ekip kurma,geli\u015ftirme<\/li><li>Hedef belirleme<\/li><li>Strateji belirleme<\/li><li>Planlama<\/li><li>Uyum<\/li><li>Zamanlama<\/li><li>Risk analizi<\/li><li>Zor \u015fartlarda ba\u015fa \u00e7\u0131kma<\/li><li>\u00c7\u00f6z\u00fcmsel liderlik<\/li><li>Stres alt\u0131nda karar verme<\/li><li>Problem \u00e7\u00f6zme<\/li><\/ul><p><strong>Uygulama Ortam\u0131<\/strong><\/p><ul><li>Deniz ko\u015fullar\u0131nda yol alan tekne<\/li><\/ul><p><strong>Zamanlama<\/strong><\/p><ul><li>Haziran \u2013 Temmuz \u2013 A\u011fustos aylar\u0131 hari\u00e7 her ay her hafta sonu<\/li><\/ul><p><strong>S\u00fcre<\/strong><\/p><ul><li>Cuma \u2013 Cumartesi \u2013 Pazar \u00a0Long weekend\u00a0<strong>\u00a0<\/strong><\/li><\/ul>\t\t\t\t\t\t\t\t<\/div>\n\t\t\t\t\t<\/div>\n\t\t\t\t<\/div>\n\t\t\t\t<\/div>","protected":false},"excerpt":{"rendered":"<p>E\u011fitimler KOB\u0130 Y\u00f6neticileri \u0130\u00e7in Finansal E\u011fitimler Dinamik H\u0131zl\u0131 Okuma E\u011fitimi Yelkenli Tekne \u0130le Liderlik ve Tak\u0131m Ruhu E\u011fitimi Leadership &amp;Team Work &amp; Sailing Liderlik ve Tak\u0131m Ruhu E\u011fitimi Hedef Kitle:\u00a0KOB\u0130 sahipleri, y\u00f6neticileri ve \u00e7al\u0131\u015fanlar\u0131, Kendini, i\u015fini, kariyerini geli\u015ftirmek isteyen \u00e7al\u0131\u015fanlar, \u0130\u015f ba\u011fl\u0131l\u0131\u011f\u0131n\u0131 sosyal etkinliklerle geli\u015ftirmek isteyen \u00e7al\u0131\u015fan ve kurulu\u015flar, \u0130\u015f sonu\u00e7lar\u0131n\u0131 \u00f6\u011frenen \u2013 \u00f6\u011freten etkinlikle [&hellip;]<\/p>\n","protected":false},"author":1,"featured_media":0,"parent":0,"menu_order":0,"comment_status":"closed","ping_status":"closed","template":"","meta":{"footnotes":""},"class_list":["post-2379","page","type-page","status-publish","hentry"],"acf":[],"_links":{"self":[{"href":"https:\/\/bcdturkey.com.tr\/en\/wp-json\/wp\/v2\/pages\/2379","targetHints":{"allow":["GET"]}}],"collection":[{"href":"https:\/\/bcdturkey.com.tr\/en\/wp-json\/wp\/v2\/pages"}],"about":[{"href":"https:\/\/bcdturkey.com.tr\/en\/wp-json\/wp\/v2\/types\/page"}],"author":[{"embeddable":true,"href":"https:\/\/bcdturkey.com.tr\/en\/wp-json\/wp\/v2\/users\/1"}],"replies":[{"embeddable":true,"href":"https:\/\/bcdturkey.com.tr\/en\/wp-json\/wp\/v2\/comments?post=2379"}],"version-history":[{"count":10,"href":"https:\/\/bcdturkey.com.tr\/en\/wp-json\/wp\/v2\/pages\/2379\/revisions"}],"predecessor-version":[{"id":3030,"href":"https:\/\/bcdturkey.com.tr\/en\/wp-json\/wp\/v2\/pages\/2379\/revisions\/3030"}],"wp:attachment":[{"href":"https:\/\/bcdturkey.com.tr\/en\/wp-json\/wp\/v2\/media?parent=2379"}],"curies":[{"name":"wp","href":"https:\/\/api.w.org\/{rel}","templated":true}]}}