{"id":3012,"date":"2026-04-23T08:53:42","date_gmt":"2026-04-23T08:53:42","guid":{"rendered":"https:\/\/bcdturkey.com.tr\/?page_id=3012"},"modified":"2026-04-23T09:58:05","modified_gmt":"2026-04-23T09:58:05","slug":"yatirim-fizibiliteleri","status":"publish","type":"page","link":"https:\/\/bcdturkey.com.tr\/en\/yatirim-fizibiliteleri\/","title":{"rendered":"Yat\u0131r\u0131m Fizibiliteleri"},"content":{"rendered":"<div data-elementor-type=\"wp-page\" data-elementor-id=\"3012\" class=\"elementor elementor-3012\" data-elementor-post-type=\"page\">\n\t\t\t\t<div class=\"elementor-element elementor-element-8686743 e-grid e-con-boxed e-con e-parent\" data-id=\"8686743\" data-element_type=\"container\" data-e-type=\"container\">\n\t\t\t\t\t<div class=\"e-con-inner\">\n\t\t\t\t<div class=\"elementor-element elementor-element-dd998a3 elementor-align-justify elementor-tablet-align-justify elementor-widget elementor-widget-button\" data-id=\"dd998a3\" data-element_type=\"widget\" data-e-type=\"widget\" data-widget_type=\"button.default\">\n\t\t\t\t\t\t\t\t\t\t<a class=\"elementor-button elementor-button-link elementor-size-sm\" href=\"\/en\/yatirim-fizibiliteleri\/\">\n\t\t\t\t\t\t<span class=\"elementor-button-content-wrapper\">\n\t\t\t\t\t\t\t\t\t<span class=\"elementor-button-text\">Yat\u0131r\u0131m Fizibiliteleri<\/span>\n\t\t\t\t\t<\/span>\n\t\t\t\t\t<\/a>\n\t\t\t\t\t\t\t\t<\/div>\n\t\t\t\t<div class=\"elementor-element elementor-element-f5d4633 elementor-align-justify elementor-tablet-align-justify elementor-widget elementor-widget-button\" data-id=\"f5d4633\" data-element_type=\"widget\" data-e-type=\"widget\" data-widget_type=\"button.default\">\n\t\t\t\t\t\t\t\t\t\t<a class=\"elementor-button elementor-button-link elementor-size-sm\" href=\"\/en\/gayrimenkul-2\/\">\n\t\t\t\t\t\t<span class=\"elementor-button-content-wrapper\">\n\t\t\t\t\t\t\t\t\t<span class=\"elementor-button-text\">Real estate<\/span>\n\t\t\t\t\t<\/span>\n\t\t\t\t\t<\/a>\n\t\t\t\t\t\t\t\t<\/div>\n\t\t\t\t<div class=\"elementor-element elementor-element-9018a2f elementor-align-justify elementor-tablet-align-justify elementor-widget elementor-widget-button\" data-id=\"9018a2f\" data-element_type=\"widget\" data-e-type=\"widget\" data-widget_type=\"button.default\">\n\t\t\t\t\t\t\t\t\t\t<a class=\"elementor-button elementor-button-link elementor-size-sm\" href=\"\/en\/tesvik-destek-hibe-2\/\">\n\t\t\t\t\t\t<span class=\"elementor-button-content-wrapper\">\n\t\t\t\t\t\t\t\t\t<span class=\"elementor-button-text\">Te\u015fvik \/ Destek \/ Hibe<\/span>\n\t\t\t\t\t<\/span>\n\t\t\t\t\t<\/a>\n\t\t\t\t\t\t\t\t<\/div>\n\t\t\t\t\t<\/div>\n\t\t\t\t<\/div>\n\t\t<div class=\"elementor-element elementor-element-9b256a9 e-flex e-con-boxed e-con e-parent\" data-id=\"9b256a9\" data-element_type=\"container\" data-e-type=\"container\">\n\t\t\t\t\t<div class=\"e-con-inner\">\n\t\t<div class=\"elementor-element elementor-element-259560e e-con-full e-flex e-con e-child\" data-id=\"259560e\" data-element_type=\"container\" data-e-type=\"container\">\n\t\t\t\t<div class=\"elementor-element elementor-element-a727f3b elementor-widget elementor-widget-image\" data-id=\"a727f3b\" data-element_type=\"widget\" data-e-type=\"widget\" data-widget_type=\"image.default\">\n\t\t\t\t\t\t\t\t\t\t\t\t\t\t\t<img fetchpriority=\"high\" decoding=\"async\" width=\"1000\" height=\"563\" src=\"https:\/\/bcdturkey.com.tr\/wp-content\/uploads\/2026\/04\/22158.jpg\" class=\"attachment-large size-large wp-image-3063\" alt=\"\" srcset=\"https:\/\/bcdturkey.com.tr\/wp-content\/uploads\/2026\/04\/22158.jpg 1000w, https:\/\/bcdturkey.com.tr\/wp-content\/uploads\/2026\/04\/22158-300x169.jpg 300w, https:\/\/bcdturkey.com.tr\/wp-content\/uploads\/2026\/04\/22158-768x432.jpg 768w, https:\/\/bcdturkey.com.tr\/wp-content\/uploads\/2026\/04\/22158-18x10.jpg 18w, https:\/\/bcdturkey.com.tr\/wp-content\/uploads\/2026\/04\/22158-820x461.jpg 820w, https:\/\/bcdturkey.com.tr\/wp-content\/uploads\/2026\/04\/22158-200x113.jpg 200w, https:\/\/bcdturkey.com.tr\/wp-content\/uploads\/2026\/04\/22158-177x100.jpg 177w\" sizes=\"(max-width: 1000px) 100vw, 1000px\" \/>\t\t\t\t\t\t\t\t\t\t\t\t\t\t\t<\/div>\n\t\t\t\t<\/div>\n\t\t<div class=\"elementor-element elementor-element-d4fd855 e-con-full e-flex e-con e-child\" data-id=\"d4fd855\" data-element_type=\"container\" data-e-type=\"container\">\n\t\t\t\t<div class=\"elementor-element elementor-element-cc64d71 elementor-widget elementor-widget-text-editor\" data-id=\"cc64d71\" data-element_type=\"widget\" data-e-type=\"widget\" data-widget_type=\"text-editor.default\">\n\t\t\t\t\t\t\t\t\t<h3>Yat\u0131r\u0131m Fizibiliteleri<\/h3>\n\nFirman\u0131n varl\u0131klar\u0131n\u0131n (aktifler) kalitesi ve de\u011ferliliklerinin analizi ile yine y\u00fck\u00fcml\u00fcl\u00fcklerinin analizini KOB\u0130&#8217;ler i\u00e7in ortaya koyar.\n<br><br>\n\n<p class=\"bcd-green\">\nBCD bu \u00e7er\u00e7evede \u015fu hizmetleri sunmaktad\u0131r:\n<\/p>\n\n<ul class=\"bcd-green-list\">\n  <li>Firmalar\u0131n aktiflerinin de\u011ferlilik tespitlerini analiz eder,<\/li>\n  <li>Bu de\u011ferliliklerin rasyolara etkisini belirler,<\/li>\n  <li>T\u00fcm rasyo ve finansal analizlere etkilerini ortaya koyar.<\/li>\n<\/ul>\n\n<style>\n.bcd-green{\n  color:#1f7a3d;\n  font-weight:600;\n}\n\n.bcd-green-list{\n  color:#1f7a3d;\n  padding-left:22px;\n}\n\n.bcd-green-list li{\n  color:#1f7a3d;\n  margin-bottom:10px;\n  line-height:1.7;\n}\n\n.bcd-green-list li::marker{\n  color:#1f7a3d;\n}\n<\/style>\t\t\t\t\t\t\t\t<\/div>\n\t\t\t\t<\/div>\n\t\t\t\t\t<\/div>\n\t\t\t\t<\/div>\n\t\t\t\t<\/div>","protected":false},"excerpt":{"rendered":"<p>Yat\u0131r\u0131m Fizibiliteleri Gayrimenkul Te\u015fvik \/ Destek \/ Hibe Yat\u0131r\u0131m Fizibiliteleri Firman\u0131n varl\u0131klar\u0131n\u0131n (aktifler) kalitesi ve de\u011ferliliklerinin analizi ile yine y\u00fck\u00fcml\u00fcl\u00fcklerinin analizini KOB\u0130&#8217;ler i\u00e7in ortaya koyar. BCD bu \u00e7er\u00e7evede \u015fu hizmetleri sunmaktad\u0131r: Firmalar\u0131n aktiflerinin de\u011ferlilik tespitlerini analiz eder, Bu de\u011ferliliklerin rasyolara etkisini belirler, T\u00fcm rasyo ve finansal analizlere etkilerini ortaya koyar.<\/p>","protected":false},"author":1,"featured_media":0,"parent":0,"menu_order":0,"comment_status":"closed","ping_status":"closed","template":"","meta":{"footnotes":""},"class_list":["post-3012","page","type-page","status-publish","hentry"],"acf":[],"_links":{"self":[{"href":"https:\/\/bcdturkey.com.tr\/en\/wp-json\/wp\/v2\/pages\/3012","targetHints":{"allow":["GET"]}}],"collection":[{"href":"https:\/\/bcdturkey.com.tr\/en\/wp-json\/wp\/v2\/pages"}],"about":[{"href":"https:\/\/bcdturkey.com.tr\/en\/wp-json\/wp\/v2\/types\/page"}],"author":[{"embeddable":true,"href":"https:\/\/bcdturkey.com.tr\/en\/wp-json\/wp\/v2\/users\/1"}],"replies":[{"embeddable":true,"href":"https:\/\/bcdturkey.com.tr\/en\/wp-json\/wp\/v2\/comments?post=3012"}],"version-history":[{"count":14,"href":"https:\/\/bcdturkey.com.tr\/en\/wp-json\/wp\/v2\/pages\/3012\/revisions"}],"predecessor-version":[{"id":3088,"href":"https:\/\/bcdturkey.com.tr\/en\/wp-json\/wp\/v2\/pages\/3012\/revisions\/3088"}],"wp:attachment":[{"href":"https:\/\/bcdturkey.com.tr\/en\/wp-json\/wp\/v2\/media?parent=3012"}],"curies":[{"name":"wp","href":"https:\/\/api.w.org\/{rel}","templated":true}]}}